{"id":1076,"date":"2024-11-27T20:51:09","date_gmt":"2024-11-27T19:51:09","guid":{"rendered":"https:\/\/alojamientoelcautivo.com\/?page_id=1076"},"modified":"2025-02-18T10:58:15","modified_gmt":"2025-02-18T09:58:15","slug":"las-pedroneras","status":"publish","type":"page","link":"https:\/\/alojamientoelcautivo.com\/en\/las-pedroneras\/","title":{"rendered":"Las Pedro\u00f1eras"},"content":{"rendered":"\t\t<div data-elementor-type=\"wp-page\" data-elementor-id=\"1076\" class=\"elementor elementor-1076\" data-elementor-post-type=\"page\">\n\t\t\t\t<div class=\"elementor-element elementor-element-40f6892 e-flex e-con-boxed e-con e-parent\" data-id=\"40f6892\" data-element_type=\"container\" data-e-type=\"container\" data-settings=\"{&quot;background_background&quot;:&quot;classic&quot;}\">\n\t\t\t\t\t<div class=\"e-con-inner\">\n\t\t<div class=\"elementor-element elementor-element-eb14c1d e-con-full e-flex e-con e-child\" data-id=\"eb14c1d\" data-element_type=\"container\" data-e-type=\"container\">\n\t\t\t\t<div class=\"elementor-element elementor-element-2e75db9 elementor-widget elementor-widget-heading\" data-id=\"2e75db9\" data-element_type=\"widget\" data-e-type=\"widget\" data-widget_type=\"heading.default\">\n\t\t\t\t<div class=\"elementor-widget-container\">\n\t\t\t\t\t<h1 class=\"elementor-heading-title elementor-size-default\">Las Pedro\u00f1eras<\/h1>\t\t\t\t<\/div>\n\t\t\t\t<\/div>\n\t\t\t\t<\/div>\n\t\t\t\t\t<\/div>\n\t\t\t\t<\/div>\n\t\t<div class=\"elementor-element elementor-element-4b3a0f5 e-con-full e-flex e-con e-parent\" data-id=\"4b3a0f5\" data-element_type=\"container\" data-e-type=\"container\">\n\t\t<div class=\"elementor-element elementor-element-d66b635 e-con-full e-flex e-con e-child\" data-id=\"d66b635\" data-element_type=\"container\" data-e-type=\"container\">\n\t\t\t\t<div class=\"elementor-element elementor-element-d9e9308 elementor-invisible elementor-widget elementor-widget-heading\" data-id=\"d9e9308\" data-element_type=\"widget\" data-e-type=\"widget\" data-settings=\"{&quot;_animation&quot;:&quot;fadeInUp&quot;}\" data-widget_type=\"heading.default\">\n\t\t\t\t<div class=\"elementor-widget-container\">\n\t\t\t\t\t<h2 class=\"elementor-heading-title elementor-size-default\">The garlic capital<\/h2>\t\t\t\t<\/div>\n\t\t\t\t<\/div>\n\t\t\t\t<div class=\"elementor-element elementor-element-270d9a4 elementor-widget elementor-widget-heading\" data-id=\"270d9a4\" data-element_type=\"widget\" data-e-type=\"widget\" data-widget_type=\"heading.default\">\n\t\t\t\t<div class=\"elementor-widget-container\">\n\t\t\t\t\t<h2 class=\"elementor-heading-title elementor-size-default\">Las Pedro\u00f1eras, cuenca<\/h2>\t\t\t\t<\/div>\n\t\t\t\t<\/div>\n\t\t\t\t<div class=\"elementor-element elementor-element-65ac7ed elementor-invisible elementor-widget elementor-widget-text-editor\" data-id=\"65ac7ed\" data-element_type=\"widget\" data-e-type=\"widget\" data-settings=\"{&quot;_animation&quot;:&quot;fadeInUp&quot;}\" data-widget_type=\"text-editor.default\">\n\t\t\t\t<div class=\"elementor-widget-container\">\n\t\t\t\t\t\t\t\t\tThe <strong>Cautivo Accommodation<\/strong> is located in the heart of the region of La Mancha, in <strong>Las Pedro\u00f1eras<\/strong>, a municipality that has earned a prominent place both in Spain and internationally for its unique product: garlic. This town is home to the famed <strong>Purple Garlic from Las Pedro\u00f1eras<\/strong>, a product with a Protected Designation of Origin (PDO) that stands out for its quality, flavour and exceptional properties.\n\nThe location of Las Pedro\u00f1eras facilitates access to iconic points of the Don Quixote Route, such as <strong>El Toboso<\/strong>, where the Dulcinea Museum is located; <strong>Belmonte<\/strong>, home to an imposing medieval castle; and <strong>Campo de Criptana<\/strong>, famous for its windmills. Visitors can also enjoy the landscapes of La Mancha, with its vineyards, olive groves and cereal fields, which offer an ideal setting for relaxation and inspiration.\t\t\t\t\t\t\t\t<\/div>\n\t\t\t\t<\/div>\n\t\t\t\t<\/div>\n\t\t\t\t<\/div>\n\t\t<div class=\"elementor-element elementor-element-212cdeab e-flex e-con-boxed e-con e-parent\" data-id=\"212cdeab\" data-element_type=\"container\" data-e-type=\"container\" data-settings=\"{&quot;background_background&quot;:&quot;classic&quot;,&quot;shape_divider_top&quot;:&quot;opacity-tilt&quot;,&quot;shape_divider_bottom&quot;:&quot;opacity-tilt&quot;}\">\n\t\t\t\t\t<div class=\"e-con-inner\">\n\t\t\t\t<div class=\"elementor-shape elementor-shape-top\" aria-hidden=\"true\" data-negative=\"false\">\n\t\t\t<svg xmlns=\"http:\/\/www.w3.org\/2000\/svg\" viewBox=\"0 0 2600 131.1\" preserveAspectRatio=\"none\">\n\t<path class=\"elementor-shape-fill\" d=\"M0 0L2600 0 2600 69.1 0 0z\"\/>\n\t<path class=\"elementor-shape-fill\" style=\"opacity:0.5\" d=\"M0 0L2600 0 2600 69.1 0 69.1z\"\/>\n\t<path class=\"elementor-shape-fill\" style=\"opacity:0.25\" d=\"M2600 0L0 0 0 130.1 2600 69.1z\"\/>\n<\/svg>\t\t<\/div>\n\t\t\t\t<div class=\"elementor-shape elementor-shape-bottom\" aria-hidden=\"true\" data-negative=\"false\">\n\t\t\t<svg xmlns=\"http:\/\/www.w3.org\/2000\/svg\" viewBox=\"0 0 2600 131.1\" preserveAspectRatio=\"none\">\n\t<path class=\"elementor-shape-fill\" d=\"M0 0L2600 0 2600 69.1 0 0z\"\/>\n\t<path class=\"elementor-shape-fill\" style=\"opacity:0.5\" d=\"M0 0L2600 0 2600 69.1 0 69.1z\"\/>\n\t<path class=\"elementor-shape-fill\" style=\"opacity:0.25\" d=\"M2600 0L0 0 0 130.1 2600 69.1z\"\/>\n<\/svg>\t\t<\/div>\n\t\t<div class=\"elementor-element elementor-element-21090aa2 e-con-full e-flex e-con e-child\" data-id=\"21090aa2\" data-element_type=\"container\" data-e-type=\"container\">\n\t\t\t\t<div class=\"elementor-element elementor-element-8a00fad elementor-invisible elementor-widget elementor-widget-heading\" data-id=\"8a00fad\" data-element_type=\"widget\" data-e-type=\"widget\" data-settings=\"{&quot;_animation&quot;:&quot;fadeInUp&quot;}\" data-widget_type=\"heading.default\">\n\t\t\t\t<div class=\"elementor-widget-container\">\n\t\t\t\t\t<h6 class=\"elementor-heading-title elementor-size-default\">Encanto manchego<\/h6>\t\t\t\t<\/div>\n\t\t\t\t<\/div>\n\t\t\t\t<div class=\"elementor-element elementor-element-7d4177a elementor-widget elementor-widget-heading\" data-id=\"7d4177a\" data-element_type=\"widget\" data-e-type=\"widget\" data-widget_type=\"heading.default\">\n\t\t\t\t<div class=\"elementor-widget-container\">\n\t\t\t\t\t<h2 class=\"elementor-heading-title elementor-size-default\">Belmonte<\/h2>\t\t\t\t<\/div>\n\t\t\t\t<\/div>\n\t\t\t\t<div class=\"elementor-element elementor-element-7da684f elementor-widget elementor-widget-heading\" data-id=\"7da684f\" data-element_type=\"widget\" data-e-type=\"widget\" data-widget_type=\"heading.default\">\n\t\t\t\t<div class=\"elementor-widget-container\">\n\t\t\t\t\t<h2 class=\"elementor-heading-title elementor-size-default\">15 km from Las Pedro\u00f1eras<\/h2>\t\t\t\t<\/div>\n\t\t\t\t<\/div>\n\t\t\t\t<div class=\"elementor-element elementor-element-a7eff08 elementor-widget-divider--view-line elementor-widget elementor-widget-divider\" data-id=\"a7eff08\" data-element_type=\"widget\" data-e-type=\"widget\" data-widget_type=\"divider.default\">\n\t\t\t\t<div class=\"elementor-widget-container\">\n\t\t\t\t\t\t\t<div class=\"elementor-divider\">\n\t\t\t<span class=\"elementor-divider-separator\">\n\t\t\t\t\t\t<\/span>\n\t\t<\/div>\n\t\t\t\t\t\t<\/div>\n\t\t\t\t<\/div>\n\t\t\t\t<div class=\"elementor-element elementor-element-67d0eb6d elementor-invisible elementor-widget elementor-widget-text-editor\" data-id=\"67d0eb6d\" data-element_type=\"widget\" data-e-type=\"widget\" data-settings=\"{&quot;_animation&quot;:&quot;fadeInUp&quot;}\" data-widget_type=\"text-editor.default\">\n\t\t\t\t<div class=\"elementor-widget-container\">\n\t\t\t\t\t\t\t\t\t<p style=\"text-align: justify;\"><strong>Belmonte<\/strong>\u00a0combines history, imposing architecture and La Mancha traditions. This municipality, with its unmistakable silhouette dominated by a majestic castle, is one of the region&#8217;s great cultural and tourist treasures.<\/p>\n<p style=\"text-align: justify;\">Beyond the castle, the old town of Belmonte invites you to stroll through its cobbled streets and discover a rich architectural heritage. Among the most outstanding sites are the <strong>Collegiate Church of San Bartolom\u00e9 and the Palace of Infante Don Juan Manuel.<\/strong><\/p>\t\t\t\t\t\t\t\t<\/div>\n\t\t\t\t<\/div>\n\t\t\t\t<div class=\"elementor-element elementor-element-49dc0a84 elementor-invisible elementor-widget elementor-widget-image\" data-id=\"49dc0a84\" data-element_type=\"widget\" data-e-type=\"widget\" data-settings=\"{&quot;_animation&quot;:&quot;fadeInUp&quot;}\" data-widget_type=\"image.default\">\n\t\t\t\t<div class=\"elementor-widget-container\">\n\t\t\t\t\t\t\t\t\t\t\t\t\t\t\t<img fetchpriority=\"high\" decoding=\"async\" width=\"1000\" height=\"667\" src=\"https:\/\/alojamientoelcautivo.com\/en\/wp-content\/uploads\/sites\/2\/Castillo-medieval-de-Belmonte-en-Cuenca.webp\" class=\"attachment-full size-full wp-image-1117\" alt=\"Castillo medieval de Belmonte en Cuenca\" srcset=\"https:\/\/alojamientoelcautivo.com\/en\/wp-content\/uploads\/sites\/2\/Castillo-medieval-de-Belmonte-en-Cuenca.webp 1000w, https:\/\/alojamientoelcautivo.com\/en\/wp-content\/uploads\/sites\/2\/Castillo-medieval-de-Belmonte-en-Cuenca-768x512.webp 768w\" sizes=\"(max-width: 1000px) 100vw, 1000px\" \/>\t\t\t\t\t\t\t\t\t\t\t\t\t\t\t<\/div>\n\t\t\t\t<\/div>\n\t\t\t\t<\/div>\n\t\t<div class=\"elementor-element elementor-element-2c61e716 e-con-full e-flex e-con e-child\" data-id=\"2c61e716\" data-element_type=\"container\" data-e-type=\"container\">\n\t\t\t\t<div class=\"elementor-element elementor-element-70a647e1 elementor-invisible elementor-widget elementor-widget-image\" data-id=\"70a647e1\" data-element_type=\"widget\" data-e-type=\"widget\" data-settings=\"{&quot;_animation&quot;:&quot;fadeInUp&quot;}\" data-widget_type=\"image.default\">\n\t\t\t\t<div class=\"elementor-widget-container\">\n\t\t\t\t\t\t\t\t\t\t\t\t\t\t\t<img decoding=\"async\" width=\"750\" height=\"1125\" src=\"https:\/\/alojamientoelcautivo.com\/en\/wp-content\/uploads\/sites\/2\/Colegiata-de-San-Bartolome-en-Belmonte.webp\" class=\"attachment-full size-full wp-image-1131\" alt=\"Colegiata de San Bartolom\u00e9 en Belmonte\" \/>\t\t\t\t\t\t\t\t\t\t\t\t\t\t\t<\/div>\n\t\t\t\t<\/div>\n\t\t\t\t<\/div>\n\t\t\t\t\t<\/div>\n\t\t\t\t<\/div>\n\t\t<div class=\"elementor-element elementor-element-36069c26 e-flex e-con-boxed e-con e-parent\" data-id=\"36069c26\" data-element_type=\"container\" data-e-type=\"container\">\n\t\t\t\t\t<div class=\"e-con-inner\">\n\t\t<div class=\"elementor-element elementor-element-7cbaf18f e-con-full e-flex e-con e-child\" data-id=\"7cbaf18f\" data-element_type=\"container\" data-e-type=\"container\">\n\t\t\t\t<div class=\"elementor-element elementor-element-a159f2a elementor-invisible elementor-widget elementor-widget-image\" data-id=\"a159f2a\" data-element_type=\"widget\" data-e-type=\"widget\" data-settings=\"{&quot;_animation&quot;:&quot;fadeInUp&quot;}\" data-widget_type=\"image.default\">\n\t\t\t\t<div class=\"elementor-widget-container\">\n\t\t\t\t\t\t\t\t\t\t\t\t\t\t\t<img decoding=\"async\" width=\"1002\" height=\"1200\" src=\"https:\/\/alojamientoelcautivo.com\/en\/wp-content\/uploads\/sites\/2\/Molino-de-viento-de-campo-de-Criptana.webp\" class=\"attachment-full size-full wp-image-974\" alt=\"Molino de viento de campo de Criptana\" srcset=\"https:\/\/alojamientoelcautivo.com\/en\/wp-content\/uploads\/sites\/2\/Molino-de-viento-de-campo-de-Criptana.webp 1002w, https:\/\/alojamientoelcautivo.com\/en\/wp-content\/uploads\/sites\/2\/Molino-de-viento-de-campo-de-Criptana-768x920.webp 768w\" sizes=\"(max-width: 1002px) 100vw, 1002px\" \/>\t\t\t\t\t\t\t\t\t\t\t\t\t\t\t<\/div>\n\t\t\t\t<\/div>\n\t\t\t\t<\/div>\n\t\t<div class=\"elementor-element elementor-element-40dd17d6 e-con-full e-flex e-con e-child\" data-id=\"40dd17d6\" data-element_type=\"container\" data-e-type=\"container\">\n\t\t\t\t<div class=\"elementor-element elementor-element-566e404 elementor-invisible elementor-widget elementor-widget-heading\" data-id=\"566e404\" data-element_type=\"widget\" data-e-type=\"widget\" data-settings=\"{&quot;_animation&quot;:&quot;fadeInUp&quot;}\" data-widget_type=\"heading.default\">\n\t\t\t\t<div class=\"elementor-widget-container\">\n\t\t\t\t\t<h6 class=\"elementor-heading-title elementor-size-default\">Land of giants<\/h6>\t\t\t\t<\/div>\n\t\t\t\t<\/div>\n\t\t\t\t<div class=\"elementor-element elementor-element-99c5bc9 elementor-widget elementor-widget-heading\" data-id=\"99c5bc9\" data-element_type=\"widget\" data-e-type=\"widget\" data-widget_type=\"heading.default\">\n\t\t\t\t<div class=\"elementor-widget-container\">\n\t\t\t\t\t<h2 class=\"elementor-heading-title elementor-size-default\">Campo de Criptana<\/h2>\t\t\t\t<\/div>\n\t\t\t\t<\/div>\n\t\t\t\t<div class=\"elementor-element elementor-element-a1ee9f5 elementor-widget elementor-widget-heading\" data-id=\"a1ee9f5\" data-element_type=\"widget\" data-e-type=\"widget\" data-widget_type=\"heading.default\">\n\t\t\t\t<div class=\"elementor-widget-container\">\n\t\t\t\t\t<h2 class=\"elementor-heading-title elementor-size-default\">40 km from Las Pedro\u00f1eras<\/h2>\t\t\t\t<\/div>\n\t\t\t\t<\/div>\n\t\t\t\t<div class=\"elementor-element elementor-element-6da360d elementor-widget-divider--view-line elementor-widget elementor-widget-divider\" data-id=\"6da360d\" data-element_type=\"widget\" data-e-type=\"widget\" data-widget_type=\"divider.default\">\n\t\t\t\t<div class=\"elementor-widget-container\">\n\t\t\t\t\t\t\t<div class=\"elementor-divider\">\n\t\t\t<span class=\"elementor-divider-separator\">\n\t\t\t\t\t\t<\/span>\n\t\t<\/div>\n\t\t\t\t\t\t<\/div>\n\t\t\t\t<\/div>\n\t\t\t\t<div class=\"elementor-element elementor-element-2451fc6f elementor-invisible elementor-widget elementor-widget-text-editor\" data-id=\"2451fc6f\" data-element_type=\"widget\" data-e-type=\"widget\" data-settings=\"{&quot;_animation&quot;:&quot;fadeInUp&quot;}\" data-widget_type=\"text-editor.default\">\n\t\t\t\t<div class=\"elementor-widget-container\">\n\t\t\t\t\t\t\t\t\t<p style=\"text-align: justify;\">In the heart of La Mancha, amidst rolling fields of wheat and vineyards, you will find <strong>Campo de Criptana<\/strong>, a town in the province of Ciudad Real that has managed to preserve the purest essence of Castilla-La Mancha. This picturesque village is famous throughout the world for its majestic <strong>WIND MILLS<\/strong>, that inspired Miguel de Cervantes in his immortal work <em>Don Quixote of La Mancha<\/em>.<\/p>\n<p style=\"text-align: justify;\">The surroundings of the mills are especially magical at dawn and dusk, when the light tinges the landscape of La Mancha with golden and reddish tones, creating unforgettable postcards.<\/p>\t\t\t\t\t\t\t\t<\/div>\n\t\t\t\t<\/div>\n\t\t\t\t<div class=\"elementor-element elementor-element-28a245c9 elementor-invisible elementor-widget elementor-widget-image\" data-id=\"28a245c9\" data-element_type=\"widget\" data-e-type=\"widget\" data-settings=\"{&quot;_animation&quot;:&quot;fadeInUp&quot;}\" data-widget_type=\"image.default\">\n\t\t\t\t<div class=\"elementor-widget-container\">\n\t\t\t\t\t\t\t\t\t\t\t\t\t\t\t<img loading=\"lazy\" decoding=\"async\" width=\"1000\" height=\"667\" src=\"https:\/\/alojamientoelcautivo.com\/en\/wp-content\/uploads\/sites\/2\/Vista-general-de-Campo-Criptana-en-Castilla-la-Mancha.webp\" class=\"attachment-full size-full wp-image-1156\" alt=\"Vista general de Campo Criptana en Castilla la Mancha\" srcset=\"https:\/\/alojamientoelcautivo.com\/en\/wp-content\/uploads\/sites\/2\/Vista-general-de-Campo-Criptana-en-Castilla-la-Mancha.webp 1000w, https:\/\/alojamientoelcautivo.com\/en\/wp-content\/uploads\/sites\/2\/Vista-general-de-Campo-Criptana-en-Castilla-la-Mancha-768x512.webp 768w\" sizes=\"(max-width: 1000px) 100vw, 1000px\" \/>\t\t\t\t\t\t\t\t\t\t\t\t\t\t\t<\/div>\n\t\t\t\t<\/div>\n\t\t\t\t<\/div>\n\t\t\t\t\t<\/div>\n\t\t\t\t<\/div>\n\t\t\t\t<\/div>\n\t\t","protected":false},"excerpt":{"rendered":"<p>Las Pedro\u00f1eras The garlic capital Las Pedro\u00f1eras, cuenca The Cautivo Accommodation is located in the heart of the region of La Mancha, in Las Pedro\u00f1eras, a municipality that has earned a prominent place both in Spain and internationally for its unique product: garlic. This town is home to the famed Purple Garlic from Las Pedro\u00f1eras, [&hellip;]<\/p>\n","protected":false},"author":1,"featured_media":0,"parent":0,"menu_order":0,"comment_status":"closed","ping_status":"closed","template":"elementor_header_footer","meta":{"footnotes":""},"class_list":["post-1076","page","type-page","status-publish","hentry"],"yoast_head":"<!-- This site is optimized with the Yoast SEO plugin v27.4 - https:\/\/yoast.com\/product\/yoast-seo-wordpress\/ -->\n<title>Las Pedro\u00f1eras - Alojamiento el Cautivo Ingl\u00e9s<\/title>\n<meta name=\"description\" content=\"Las Pedro\u00f1eras en Cuenca, capital del ajo, se ha ganado un lugar destacado a nivel internacional por este afamado producto.\" \/>\n<meta name=\"robots\" content=\"index, follow, max-snippet:-1, max-image-preview:large, max-video-preview:-1\" \/>\n<link rel=\"canonical\" href=\"https:\/\/alojamientoelcautivo.com\/en\/las-pedroneras\/\" \/>\n<meta property=\"og:locale\" content=\"es_ES\" \/>\n<meta property=\"og:type\" content=\"article\" \/>\n<meta property=\"og:title\" content=\"Las Pedro\u00f1eras - Alojamiento el Cautivo Ingl\u00e9s\" \/>\n<meta property=\"og:description\" content=\"Las Pedro\u00f1eras en Cuenca, capital del ajo, se ha ganado un lugar destacado a nivel internacional por este afamado producto.\" \/>\n<meta property=\"og:url\" content=\"https:\/\/alojamientoelcautivo.com\/en\/las-pedroneras\/\" \/>\n<meta property=\"og:site_name\" content=\"Alojamiento el Cautivo Ingl\u00e9s\" \/>\n<meta property=\"article:modified_time\" content=\"2025-02-18T09:58:15+00:00\" \/>\n<meta property=\"og:image\" content=\"https:\/\/alojamientoelcautivo.com\/en\/wp-content\/uploads\/sites\/2\/Castillo-medieval-de-Belmonte-en-Cuenca.webp\" \/>\n\t<meta property=\"og:image:width\" content=\"1000\" \/>\n\t<meta property=\"og:image:height\" content=\"667\" \/>\n\t<meta property=\"og:image:type\" content=\"image\/webp\" \/>\n<meta name=\"twitter:card\" content=\"summary_large_image\" \/>\n<meta name=\"twitter:label1\" content=\"Tiempo de lectura\" \/>\n\t<meta name=\"twitter:data1\" content=\"3 minutos\" \/>\n<script type=\"application\/ld+json\" class=\"yoast-schema-graph\">{\"@context\":\"https:\\\/\\\/schema.org\",\"@graph\":[{\"@type\":\"WebPage\",\"@id\":\"https:\\\/\\\/alojamientoelcautivo.com\\\/en\\\/las-pedroneras\\\/\",\"url\":\"https:\\\/\\\/alojamientoelcautivo.com\\\/en\\\/las-pedroneras\\\/\",\"name\":\"Las Pedro\u00f1eras - Alojamiento el Cautivo Ingl\u00e9s\",\"isPartOf\":{\"@id\":\"https:\\\/\\\/alojamientoelcautivo.com\\\/en\\\/#website\"},\"primaryImageOfPage\":{\"@id\":\"https:\\\/\\\/alojamientoelcautivo.com\\\/en\\\/las-pedroneras\\\/#primaryimage\"},\"image\":{\"@id\":\"https:\\\/\\\/alojamientoelcautivo.com\\\/en\\\/las-pedroneras\\\/#primaryimage\"},\"thumbnailUrl\":\"https:\\\/\\\/alojamientoelcautivo.com\\\/en\\\/wp-content\\\/uploads\\\/sites\\\/2\\\/Castillo-medieval-de-Belmonte-en-Cuenca.webp\",\"datePublished\":\"2024-11-27T19:51:09+00:00\",\"dateModified\":\"2025-02-18T09:58:15+00:00\",\"description\":\"Las Pedro\u00f1eras en Cuenca, capital del ajo, se ha ganado un lugar destacado a nivel internacional por este afamado producto.\",\"breadcrumb\":{\"@id\":\"https:\\\/\\\/alojamientoelcautivo.com\\\/en\\\/las-pedroneras\\\/#breadcrumb\"},\"inLanguage\":\"es\",\"potentialAction\":[{\"@type\":\"ReadAction\",\"target\":[\"https:\\\/\\\/alojamientoelcautivo.com\\\/en\\\/las-pedroneras\\\/\"]}]},{\"@type\":\"ImageObject\",\"inLanguage\":\"es\",\"@id\":\"https:\\\/\\\/alojamientoelcautivo.com\\\/en\\\/las-pedroneras\\\/#primaryimage\",\"url\":\"https:\\\/\\\/alojamientoelcautivo.com\\\/en\\\/wp-content\\\/uploads\\\/sites\\\/2\\\/Castillo-medieval-de-Belmonte-en-Cuenca.webp\",\"contentUrl\":\"https:\\\/\\\/alojamientoelcautivo.com\\\/en\\\/wp-content\\\/uploads\\\/sites\\\/2\\\/Castillo-medieval-de-Belmonte-en-Cuenca.webp\",\"width\":1000,\"height\":667,\"caption\":\"Castillo medieval de Belmonte en Cuenca\"},{\"@type\":\"BreadcrumbList\",\"@id\":\"https:\\\/\\\/alojamientoelcautivo.com\\\/en\\\/las-pedroneras\\\/#breadcrumb\",\"itemListElement\":[{\"@type\":\"ListItem\",\"position\":1,\"name\":\"Portada\",\"item\":\"https:\\\/\\\/alojamientoelcautivo.com\\\/en\\\/\"},{\"@type\":\"ListItem\",\"position\":2,\"name\":\"Las Pedro\u00f1eras\"}]},{\"@type\":\"WebSite\",\"@id\":\"https:\\\/\\\/alojamientoelcautivo.com\\\/en\\\/#website\",\"url\":\"https:\\\/\\\/alojamientoelcautivo.com\\\/en\\\/\",\"name\":\"Alojamiento el Cautivo Ingl\u00e9s\",\"description\":\"Tourist apartments in Las Pedro\u00f1eras, Cuenca\",\"publisher\":{\"@id\":\"https:\\\/\\\/alojamientoelcautivo.com\\\/en\\\/#organization\"},\"potentialAction\":[{\"@type\":\"SearchAction\",\"target\":{\"@type\":\"EntryPoint\",\"urlTemplate\":\"https:\\\/\\\/alojamientoelcautivo.com\\\/en\\\/?s={search_term_string}\"},\"query-input\":{\"@type\":\"PropertyValueSpecification\",\"valueRequired\":true,\"valueName\":\"search_term_string\"}}],\"inLanguage\":\"es\"},{\"@type\":\"Organization\",\"@id\":\"https:\\\/\\\/alojamientoelcautivo.com\\\/en\\\/#organization\",\"name\":\"Alojamiento el Cautivo Ingl\u00e9s\",\"url\":\"https:\\\/\\\/alojamientoelcautivo.com\\\/en\\\/\",\"logo\":{\"@type\":\"ImageObject\",\"inLanguage\":\"es\",\"@id\":\"https:\\\/\\\/alojamientoelcautivo.com\\\/en\\\/#\\\/schema\\\/logo\\\/image\\\/\",\"url\":\"https:\\\/\\\/alojamientoelcautivo.com\\\/en\\\/wp-content\\\/uploads\\\/sites\\\/2\\\/Logo-alojamiento-el-Cautivo.webp\",\"contentUrl\":\"https:\\\/\\\/alojamientoelcautivo.com\\\/en\\\/wp-content\\\/uploads\\\/sites\\\/2\\\/Logo-alojamiento-el-Cautivo.webp\",\"width\":350,\"height\":356,\"caption\":\"Alojamiento el Cautivo Ingl\u00e9s\"},\"image\":{\"@id\":\"https:\\\/\\\/alojamientoelcautivo.com\\\/en\\\/#\\\/schema\\\/logo\\\/image\\\/\"}}]}<\/script>\n<!-- \/ Yoast SEO plugin. -->","yoast_head_json":{"title":"Las Pedro\u00f1eras - Alojamiento el Cautivo Ingl\u00e9s","description":"Las Pedro\u00f1eras en Cuenca, capital del ajo, se ha ganado un lugar destacado a nivel internacional por este afamado producto.","robots":{"index":"index","follow":"follow","max-snippet":"max-snippet:-1","max-image-preview":"max-image-preview:large","max-video-preview":"max-video-preview:-1"},"canonical":"https:\/\/alojamientoelcautivo.com\/en\/las-pedroneras\/","og_locale":"es_ES","og_type":"article","og_title":"Las Pedro\u00f1eras - Alojamiento el Cautivo Ingl\u00e9s","og_description":"Las Pedro\u00f1eras en Cuenca, capital del ajo, se ha ganado un lugar destacado a nivel internacional por este afamado producto.","og_url":"https:\/\/alojamientoelcautivo.com\/en\/las-pedroneras\/","og_site_name":"Alojamiento el Cautivo Ingl\u00e9s","article_modified_time":"2025-02-18T09:58:15+00:00","og_image":[{"width":1000,"height":667,"url":"https:\/\/alojamientoelcautivo.com\/en\/wp-content\/uploads\/sites\/2\/Castillo-medieval-de-Belmonte-en-Cuenca.webp","type":"image\/webp"}],"twitter_card":"summary_large_image","twitter_misc":{"Tiempo de lectura":"3 minutos"},"schema":{"@context":"https:\/\/schema.org","@graph":[{"@type":"WebPage","@id":"https:\/\/alojamientoelcautivo.com\/en\/las-pedroneras\/","url":"https:\/\/alojamientoelcautivo.com\/en\/las-pedroneras\/","name":"Las Pedro\u00f1eras - Alojamiento el Cautivo Ingl\u00e9s","isPartOf":{"@id":"https:\/\/alojamientoelcautivo.com\/en\/#website"},"primaryImageOfPage":{"@id":"https:\/\/alojamientoelcautivo.com\/en\/las-pedroneras\/#primaryimage"},"image":{"@id":"https:\/\/alojamientoelcautivo.com\/en\/las-pedroneras\/#primaryimage"},"thumbnailUrl":"https:\/\/alojamientoelcautivo.com\/en\/wp-content\/uploads\/sites\/2\/Castillo-medieval-de-Belmonte-en-Cuenca.webp","datePublished":"2024-11-27T19:51:09+00:00","dateModified":"2025-02-18T09:58:15+00:00","description":"Las Pedro\u00f1eras en Cuenca, capital del ajo, se ha ganado un lugar destacado a nivel internacional por este afamado producto.","breadcrumb":{"@id":"https:\/\/alojamientoelcautivo.com\/en\/las-pedroneras\/#breadcrumb"},"inLanguage":"es","potentialAction":[{"@type":"ReadAction","target":["https:\/\/alojamientoelcautivo.com\/en\/las-pedroneras\/"]}]},{"@type":"ImageObject","inLanguage":"es","@id":"https:\/\/alojamientoelcautivo.com\/en\/las-pedroneras\/#primaryimage","url":"https:\/\/alojamientoelcautivo.com\/en\/wp-content\/uploads\/sites\/2\/Castillo-medieval-de-Belmonte-en-Cuenca.webp","contentUrl":"https:\/\/alojamientoelcautivo.com\/en\/wp-content\/uploads\/sites\/2\/Castillo-medieval-de-Belmonte-en-Cuenca.webp","width":1000,"height":667,"caption":"Castillo medieval de Belmonte en Cuenca"},{"@type":"BreadcrumbList","@id":"https:\/\/alojamientoelcautivo.com\/en\/las-pedroneras\/#breadcrumb","itemListElement":[{"@type":"ListItem","position":1,"name":"Portada","item":"https:\/\/alojamientoelcautivo.com\/en\/"},{"@type":"ListItem","position":2,"name":"Las Pedro\u00f1eras"}]},{"@type":"WebSite","@id":"https:\/\/alojamientoelcautivo.com\/en\/#website","url":"https:\/\/alojamientoelcautivo.com\/en\/","name":"Alojamiento el Cautivo Ingl\u00e9s","description":"Tourist apartments in Las Pedro\u00f1eras, Cuenca","publisher":{"@id":"https:\/\/alojamientoelcautivo.com\/en\/#organization"},"potentialAction":[{"@type":"SearchAction","target":{"@type":"EntryPoint","urlTemplate":"https:\/\/alojamientoelcautivo.com\/en\/?s={search_term_string}"},"query-input":{"@type":"PropertyValueSpecification","valueRequired":true,"valueName":"search_term_string"}}],"inLanguage":"es"},{"@type":"Organization","@id":"https:\/\/alojamientoelcautivo.com\/en\/#organization","name":"Alojamiento el Cautivo Ingl\u00e9s","url":"https:\/\/alojamientoelcautivo.com\/en\/","logo":{"@type":"ImageObject","inLanguage":"es","@id":"https:\/\/alojamientoelcautivo.com\/en\/#\/schema\/logo\/image\/","url":"https:\/\/alojamientoelcautivo.com\/en\/wp-content\/uploads\/sites\/2\/Logo-alojamiento-el-Cautivo.webp","contentUrl":"https:\/\/alojamientoelcautivo.com\/en\/wp-content\/uploads\/sites\/2\/Logo-alojamiento-el-Cautivo.webp","width":350,"height":356,"caption":"Alojamiento el Cautivo Ingl\u00e9s"},"image":{"@id":"https:\/\/alojamientoelcautivo.com\/en\/#\/schema\/logo\/image\/"}}]}},"_links":{"self":[{"href":"https:\/\/alojamientoelcautivo.com\/en\/wp-json\/wp\/v2\/pages\/1076","targetHints":{"allow":["GET"]}}],"collection":[{"href":"https:\/\/alojamientoelcautivo.com\/en\/wp-json\/wp\/v2\/pages"}],"about":[{"href":"https:\/\/alojamientoelcautivo.com\/en\/wp-json\/wp\/v2\/types\/page"}],"author":[{"embeddable":true,"href":"https:\/\/alojamientoelcautivo.com\/en\/wp-json\/wp\/v2\/users\/1"}],"replies":[{"embeddable":true,"href":"https:\/\/alojamientoelcautivo.com\/en\/wp-json\/wp\/v2\/comments?post=1076"}],"version-history":[{"count":100,"href":"https:\/\/alojamientoelcautivo.com\/en\/wp-json\/wp\/v2\/pages\/1076\/revisions"}],"predecessor-version":[{"id":1476,"href":"https:\/\/alojamientoelcautivo.com\/en\/wp-json\/wp\/v2\/pages\/1076\/revisions\/1476"}],"wp:attachment":[{"href":"https:\/\/alojamientoelcautivo.com\/en\/wp-json\/wp\/v2\/media?parent=1076"}],"curies":[{"name":"wp","href":"https:\/\/api.w.org\/{rel}","templated":true}]}}